{"id":128,"date":"2017-06-02T17:33:33","date_gmt":"2017-06-02T15:33:33","guid":{"rendered":"http:\/\/revigraph.fr\/?page_id=128"},"modified":"2025-04-25T16:15:20","modified_gmt":"2025-04-25T14:15:20","slug":"nos-membres","status":"publish","type":"page","link":"https:\/\/www.revigraph.fr\/index.php\/nos-membres\/","title":{"rendered":"D\u00e9couvrez les membres de REVIGRAPH\u2026"},"content":{"rendered":"<div class=\"wpb-content-wrapper\"><p>[vc_row css_animation=\u00a0\u00bb\u00a0\u00bb row_type=\u00a0\u00bbrow\u00a0\u00bb use_row_as_full_screen_section=\u00a0\u00bbyes\u00a0\u00bb type=\u00a0\u00bbgrid\u00a0\u00bb angled_section=\u00a0\u00bbno\u00a0\u00bb text_align=\u00a0\u00bbcenter\u00a0\u00bb background_image_as_pattern=\u00a0\u00bbwithout_pattern\u00a0\u00bb padding_top=\u00a0\u00bb30&Prime; padding_bottom=\u00a0\u00bb30&Prime; el_id=\u00a0\u00bbMembres\u00a0\u00bb z_index=\u00a0\u00bb\u00a0\u00bb][vc_column width=\u00a0\u00bb2\/3&Prime;][vc_single_image image=\u00a0\u00bb15910&Prime; img_size=\u00a0\u00bb400&#215;400&Prime; alignment=\u00a0\u00bbcenter\u00a0\u00bb css=\u00a0\u00bb\u00a0\u00bb qode_css_animation=\u00a0\u00bb\u00a0\u00bb transition_delay=\u00a0\u00bb0.3&Prime;][\/vc_column][vc_column width=\u00a0\u00bb1\/3&Prime;]<div class=\"q_team\" ><div class=\"q_team_inner\"><div class=\"q_team_image\"><img decoding=\"async\" itemprop=\"image\" src=\"https:\/\/www.revigraph.fr\/wp-content\/uploads\/2017\/07\/NOrske.jpg\" alt=\"NOrske\" \/><div class='q_team_description_wrapper'><div class='q_team_description'><div class='q_team_description_inner'><p>Norske Skog Golbey<\/p><\/div><\/div><\/div><\/div><div class='q_team_text' ><div class=\"q_team_text_inner\"><div class=\"q_team_title_holder\"><h3 class=\"q_team_name\" ><\/h3><\/div><\/div><div class='q_team_social_holder'><span class='q_social_icon_holder normal_social' ><a itemprop='url' href='https:\/\/www.linkedin.com\/company\/norske-skog-golbey\/posts\/?feedView=all' target='_blank'><i class=\"qode_icon_font_awesome fa fa-linkedin fa-2x simple_social\" style=\"\" ><\/i><\/a><\/span><\/div><\/div><\/div><\/div>[vc_column_text]Situ\u00e9e pr\u00e8s d\u2019Epinal dans les Vosges, l&rsquo;usine de Norske Skog Golbey est l\u2019une des usines du <a href=\"http:\/\/www.norskeskog.com\">groupe papetier norv\u00e9gien Norske Skog<\/a> qui compte parmi les leaders mondiaux de l\u2019industrie des papiers de publication.[\/vc_column_text][vc_empty_space height=\u00a0\u00bb37px\u00a0\u00bb]<a  itemprop=\"url\" href=\"http:\/\/norskeskog-golbey.com\" target=\"_blank\"  class=\"qbutton  small center white default\" style=\"\">Voir<i class=\"qode_icon_font_awesome fa fa-arrow-right qode_button_icon_element\" style=\"color: #ffffff\"><\/i><\/a>[\/vc_column][\/vc_row][vc_row css_animation=\u00a0\u00bb\u00a0\u00bb row_type=\u00a0\u00bbrow\u00a0\u00bb use_row_as_full_screen_section=\u00a0\u00bbyes\u00a0\u00bb type=\u00a0\u00bbgrid\u00a0\u00bb angled_section=\u00a0\u00bbno\u00a0\u00bb text_align=\u00a0\u00bbcenter\u00a0\u00bb background_image_as_pattern=\u00a0\u00bbwithout_pattern\u00a0\u00bb padding_top=\u00a0\u00bb30&Prime; padding_bottom=\u00a0\u00bb30&Prime;][vc_column width=\u00a0\u00bb1\/3&Prime;]<div class=\"q_team\" ><div class=\"q_team_inner\"><div class=\"q_team_image\"><img decoding=\"async\" itemprop=\"image\" src=\"https:\/\/www.revigraph.fr\/wp-content\/uploads\/2022\/07\/logo.png\" alt=\"logo\" \/><div class='q_team_description_wrapper'><div class='q_team_description'><div class='q_team_description_inner'><p>OMNI-PAC<\/p><\/div><\/div><\/div><\/div><div class='q_team_text' ><div class=\"q_team_text_inner\"><div class=\"q_team_title_holder\"><h3 class=\"q_team_name\" ><\/h3><\/div><\/div><div class='q_team_social_holder'><span class='q_social_icon_holder normal_social' ><a itemprop='url' href='https:\/\/www.linkedin.com\/company\/omnipacgroup\/' target='_blank'><i class=\"qode_icon_font_awesome fa fa-linkedin fa-2x simple_social\" style=\"\" ><\/i><\/a><\/span><\/div><\/div><\/div><\/div>[vc_column_text]<br \/>\nDepuis sa cr\u00e9ation en 1977, OMNI-PAC n\u2019a cess\u00e9 de cro\u00eetre et de se perfectionner, jusqu\u2019\u00e0 devenir un leader europ\u00e9en des solutions d\u2019emballage en fibre moul\u00e9e.<br \/>\n[\/vc_column_text][vc_empty_space height=\u00a0\u00bb38px\u00a0\u00bb]<a  itemprop=\"url\" href=\"https:\/\/omnipacgroup.com\/index.html\" target=\"_blank\"  class=\"qbutton  small center white default\" style=\"\">Voir<i class=\"qode_icon_font_awesome fa fa-arrow-right qode_button_icon_element\" style=\"color: #ffffff\"><\/i><\/a>[\/vc_column][vc_column width=\u00a0\u00bb1\/3&Prime;]<div class=\"q_team\" ><div class=\"q_team_inner\"><div class=\"q_team_image\"><img decoding=\"async\" itemprop=\"image\" src=\"https:\/\/www.revigraph.fr\/wp-content\/uploads\/2022\/07\/logo_greenfield-1.jpg\" alt=\"logo_greenfield\" \/><div class='q_team_description_wrapper'><div class='q_team_description'><div class='q_team_description_inner'><p>WEPA Greenfield<\/p><\/div><\/div><\/div><\/div><div class='q_team_text' ><div class=\"q_team_text_inner\"><div class=\"q_team_title_holder\"><h3 class=\"q_team_name\" ><\/h3><\/div><\/div><div class='q_team_social_holder'><span class='q_social_icon_holder normal_social' ><a itemprop='url' href='https:\/\/www.linkedin.com\/company\/wepahygiene\/' target='_blank'><i class=\"qode_icon_font_awesome fa fa-linkedin fa-2x simple_social\" style=\"\" ><\/i><\/a><\/span><\/div><\/div><\/div><\/div>[vc_column_text]Leader sur le march\u00e9 de la p\u00e2te \u00e0 papier recycl\u00e9e haut de gamme et extra blanche en Europe, WEPA GREENFIELD SAS participe au d\u00e9veloppement d&rsquo;une fili\u00e8re de recyclage responsable et cr\u00e9atrice d&#8217;emplois locaux.[\/vc_column_text][vc_empty_space height=\u00a0\u00bb10px\u00a0\u00bb]<a  itemprop=\"url\" href=\"http:\/\/www.greenfieldsas.com\" target=\"_blank\"  class=\"qbutton  small center white default\" style=\"\">Voir<i class=\"qode_icon_font_awesome fa fa-arrow-right qode_button_icon_element\" style=\"color: #ffffff\"><\/i><\/a>[\/vc_column][vc_column width=\u00a0\u00bb1\/3&Prime;]<div class=\"q_team\" ><div class=\"q_team_inner\"><div class=\"q_team_image\"><img decoding=\"async\" itemprop=\"image\" src=\"https:\/\/www.revigraph.fr\/wp-content\/uploads\/2017\/07\/huhtamaki.jpg\" alt=\"huhtamaki\" \/><div class='q_team_description_wrapper'><div class='q_team_description'><div class='q_team_description_inner'><p>Huhtamaki<\/p><\/div><\/div><\/div><\/div><div class='q_team_text' ><div class=\"q_team_text_inner\"><div class=\"q_team_title_holder\"><h3 class=\"q_team_name\" ><\/h3><\/div><\/div><div class='q_team_social_holder'><span class='q_social_icon_holder normal_social' ><a itemprop='url' href='https:\/\/www.linkedin.com\/company\/huhtamaki-france-la-rochelle\/' target='_blank'><i class=\"qode_icon_font_awesome fa fa-linkedin fa-2x simple_social\" style=\"\" ><\/i><\/a><\/span><\/div><\/div><\/div><\/div>[vc_column_text]<br \/>\nHuhtamaki Foodservice France d\u00e9veloppe et distribue des emballages sur le march\u00e9 fran\u00e7ais de la restauration hors foyer et de l&rsquo;industrie agro-alimentaire et propose \u00e0 ses clients une gamme tr\u00e8s large de produits, notamment en cellulose moul\u00e9e.<br \/>\n[\/vc_column_text][vc_empty_space height=\u00a0\u00bb10px\u00a0\u00bb]<a  itemprop=\"url\" href=\"http:\/\/www.foodservice.huhtamaki.fr\/nousconnaitre\/huhtamakienfrance\" target=\"_blank\"  class=\"qbutton  small center white default\" style=\"\">Voir<i class=\"qode_icon_font_awesome fa fa-arrow-right qode_button_icon_element\" style=\"color: #ffffff\"><\/i><\/a>[\/vc_column][\/vc_row][vc_row css_animation=\u00a0\u00bb\u00a0\u00bb row_type=\u00a0\u00bbrow\u00a0\u00bb use_row_as_full_screen_section=\u00a0\u00bbno\u00a0\u00bb type=\u00a0\u00bbfull_width\u00a0\u00bb angled_section=\u00a0\u00bbno\u00a0\u00bb text_align=\u00a0\u00bbleft\u00a0\u00bb background_image_as_pattern=\u00a0\u00bbwithout_pattern\u00a0\u00bb z_index=\u00a0\u00bb\u00a0\u00bb][vc_column][vc_separator type=\u00a0\u00bbnormal\u00a0\u00bb][\/vc_column][\/vc_row][vc_row css_animation=\u00a0\u00bb\u00a0\u00bb row_type=\u00a0\u00bbrow\u00a0\u00bb use_row_as_full_screen_section=\u00a0\u00bbno\u00a0\u00bb type=\u00a0\u00bbfull_width\u00a0\u00bb angled_section=\u00a0\u00bbno\u00a0\u00bb text_align=\u00a0\u00bbleft\u00a0\u00bb background_image_as_pattern=\u00a0\u00bbwithout_pattern\u00a0\u00bb el_id=\u00a0\u00bbRecyclage\u00a0\u00bb z_index=\u00a0\u00bb\u00a0\u00bb][vc_column width=\u00a0\u00bb1\/3&Prime;][\/vc_column][vc_column width=\u00a0\u00bb1\/3&Prime;][vc_column_text css=\u00a0\u00bb\u00a0\u00bb]<\/p>\n<p style=\"text-align: center;\">Dans cette vid\u00e9o, d\u00e9couvrez comment le papier, apr\u00e8s \u00eatre collect\u00e9 et tri\u00e9, devient un nouveau papier pour vos usages du quotidien. Aujourd&rsquo;hui, le taux de recyclage de l&rsquo;ensemble des papiers graphiques en France a <a href=\"https:\/\/fr.twosides.info\/FR\/flux-papiers-graphiques\/\">atteint 76%.<\/a><\/p>\n<p style=\"text-align: center;\">Pour que la boucle du recyclage poursuive son fonctionnement, pensez \u00e0 trier vos papiers !<\/p>\n<p>[\/vc_column_text][vc_empty_space][\/vc_column][vc_column width=\u00a0\u00bb1\/3&Prime;][\/vc_column][\/vc_row][vc_row css_animation=\u00a0\u00bb\u00a0\u00bb row_type=\u00a0\u00bbrow\u00a0\u00bb use_row_as_full_screen_section=\u00a0\u00bbno\u00a0\u00bb type=\u00a0\u00bbfull_width\u00a0\u00bb angled_section=\u00a0\u00bbno\u00a0\u00bb text_align=\u00a0\u00bbleft\u00a0\u00bb background_image_as_pattern=\u00a0\u00bbwithout_pattern\u00a0\u00bb][vc_column][vc_video link=\u00a0\u00bbhttps:\/\/youtu.be\/1eQ1d_veqnw?feature=shared\u00a0\u00bb el_width=\u00a0\u00bb50&Prime; align=\u00a0\u00bbcenter\u00a0\u00bb css=\u00a0\u00bb\u00a0\u00bb][vc_empty_space][\/vc_column][\/vc_row]<\/p>\n<\/div>","protected":false},"excerpt":{"rendered":"<p>[vc_row css_animation=\u00a0\u00bb\u00a0\u00bb row_type=\u00a0\u00bbrow\u00a0\u00bb use_row_as_full_screen_section=\u00a0\u00bbyes\u00a0\u00bb type=\u00a0\u00bbgrid\u00a0\u00bb angled_section=\u00a0\u00bbno\u00a0\u00bb text_align=\u00a0\u00bbcenter\u00a0\u00bb background_image_as_pattern=\u00a0\u00bbwithout_pattern\u00a0\u00bb padding_top=\u00a0\u00bb30&Prime; padding_bottom=\u00a0\u00bb30&Prime; el_id=\u00a0\u00bbMembres\u00a0\u00bb z_index=\u00a0\u00bb\u00a0\u00bb][vc_column width=\u00a0\u00bb2\/3&Prime;][vc_single_image image=\u00a0\u00bb15910&Prime; img_size=\u00a0\u00bb400&#215;400&Prime; alignment=\u00a0\u00bbcenter\u00a0\u00bb css=\u00a0\u00bb\u00a0\u00bb qode_css_animation=\u00a0\u00bb\u00a0\u00bb transition_delay=\u00a0\u00bb0.3&Prime;][\/vc_column][vc_column width=\u00a0\u00bb1\/3&Prime;][vc_column_text]Situ\u00e9e pr\u00e8s d\u2019Epinal dans les Vosges, l&rsquo;usine de Norske Skog Golbey est l\u2019une des usines du groupe papetier norv\u00e9gien Norske Skog qui compte parmi les leaders&#8230;<\/p>\n","protected":false},"author":1,"featured_media":0,"parent":0,"menu_order":3,"comment_status":"closed","ping_status":"closed","template":"full_width.php","meta":{"content-type":"","footnotes":""},"class_list":["post-128","page","type-page","status-publish","hentry"],"yoast_head":"<!-- This site is optimized with the Yoast SEO plugin v26.2 - https:\/\/yoast.com\/wordpress\/plugins\/seo\/ -->\n<title>D\u00e9couvrez les membres de REVIGRAPH\u2026 - Revigraph<\/title>\n<meta name=\"description\" content=\"D\u00e9couvrez les membres de Revigraph, qui assurent le recyclage des papiers graphiques issus de la collecte s\u00e9lective !\" \/>\n<meta name=\"robots\" content=\"index, follow, max-snippet:-1, max-image-preview:large, max-video-preview:-1\" \/>\n<link rel=\"canonical\" href=\"https:\/\/www.revigraph.fr\/index.php\/nos-membres\/\" \/>\n<meta property=\"og:locale\" content=\"fr_FR\" \/>\n<meta property=\"og:type\" content=\"article\" \/>\n<meta property=\"og:title\" content=\"D\u00e9couvrez les membres de REVIGRAPH\u2026 - Revigraph\" \/>\n<meta property=\"og:description\" content=\"D\u00e9couvrez les membres de Revigraph, qui assurent le recyclage des papiers graphiques issus de la collecte s\u00e9lective !\" \/>\n<meta property=\"og:url\" content=\"https:\/\/www.revigraph.fr\/index.php\/nos-membres\/\" \/>\n<meta property=\"og:site_name\" content=\"Revigraph\" \/>\n<meta property=\"article:modified_time\" content=\"2025-04-25T14:15:20+00:00\" \/>\n<meta name=\"twitter:card\" content=\"summary_large_image\" \/>\n<meta name=\"twitter:site\" content=\"@revigraph\" \/>\n<meta name=\"twitter:label1\" content=\"Dur\u00e9e de lecture estim\u00e9e\" \/>\n\t<meta name=\"twitter:data1\" content=\"2 minutes\" \/>\n<script type=\"application\/ld+json\" class=\"yoast-schema-graph\">{\"@context\":\"https:\/\/schema.org\",\"@graph\":[{\"@type\":\"WebPage\",\"@id\":\"https:\/\/www.revigraph.fr\/index.php\/nos-membres\/\",\"url\":\"https:\/\/www.revigraph.fr\/index.php\/nos-membres\/\",\"name\":\"D\u00e9couvrez les membres de REVIGRAPH\u2026 - Revigraph\",\"isPartOf\":{\"@id\":\"https:\/\/www.revigraph.fr\/#website\"},\"datePublished\":\"2017-06-02T15:33:33+00:00\",\"dateModified\":\"2025-04-25T14:15:20+00:00\",\"description\":\"D\u00e9couvrez les membres de Revigraph, qui assurent le recyclage des papiers graphiques issus de la collecte s\u00e9lective !\",\"breadcrumb\":{\"@id\":\"https:\/\/www.revigraph.fr\/index.php\/nos-membres\/#breadcrumb\"},\"inLanguage\":\"fr-FR\",\"potentialAction\":[{\"@type\":\"ReadAction\",\"target\":[\"https:\/\/www.revigraph.fr\/index.php\/nos-membres\/\"]}]},{\"@type\":\"BreadcrumbList\",\"@id\":\"https:\/\/www.revigraph.fr\/index.php\/nos-membres\/#breadcrumb\",\"itemListElement\":[{\"@type\":\"ListItem\",\"position\":1,\"name\":\"Accueil\",\"item\":\"https:\/\/www.revigraph.fr\/\"},{\"@type\":\"ListItem\",\"position\":2,\"name\":\"D\u00e9couvrez les membres de REVIGRAPH\u2026\"}]},{\"@type\":\"WebSite\",\"@id\":\"https:\/\/www.revigraph.fr\/#website\",\"url\":\"https:\/\/www.revigraph.fr\/\",\"name\":\"Revigraph\",\"description\":\"Fini le gaspillage, c&#039;est l&#039;heure du recyclage !\",\"publisher\":{\"@id\":\"https:\/\/www.revigraph.fr\/#organization\"},\"potentialAction\":[{\"@type\":\"SearchAction\",\"target\":{\"@type\":\"EntryPoint\",\"urlTemplate\":\"https:\/\/www.revigraph.fr\/?s={search_term_string}\"},\"query-input\":{\"@type\":\"PropertyValueSpecification\",\"valueRequired\":true,\"valueName\":\"search_term_string\"}}],\"inLanguage\":\"fr-FR\"},{\"@type\":\"Organization\",\"@id\":\"https:\/\/www.revigraph.fr\/#organization\",\"name\":\"Revigraph\",\"url\":\"https:\/\/www.revigraph.fr\/\",\"logo\":{\"@type\":\"ImageObject\",\"inLanguage\":\"fr-FR\",\"@id\":\"https:\/\/www.revigraph.fr\/#\/schema\/logo\/image\/\",\"url\":\"http:\/\/revigraph.fr\/wp-content\/uploads\/2017\/06\/cropped-Logo.png\",\"contentUrl\":\"http:\/\/revigraph.fr\/wp-content\/uploads\/2017\/06\/cropped-Logo.png\",\"width\":982,\"height\":250,\"caption\":\"Revigraph\"},\"image\":{\"@id\":\"https:\/\/www.revigraph.fr\/#\/schema\/logo\/image\/\"},\"sameAs\":[\"https:\/\/x.com\/revigraph\",\"https:\/\/www.linkedin.com\/company\/revigraph\"]}]}<\/script>\n<!-- \/ Yoast SEO plugin. -->","yoast_head_json":{"title":"D\u00e9couvrez les membres de REVIGRAPH\u2026 - Revigraph","description":"D\u00e9couvrez les membres de Revigraph, qui assurent le recyclage des papiers graphiques issus de la collecte s\u00e9lective !","robots":{"index":"index","follow":"follow","max-snippet":"max-snippet:-1","max-image-preview":"max-image-preview:large","max-video-preview":"max-video-preview:-1"},"canonical":"https:\/\/www.revigraph.fr\/index.php\/nos-membres\/","og_locale":"fr_FR","og_type":"article","og_title":"D\u00e9couvrez les membres de REVIGRAPH\u2026 - Revigraph","og_description":"D\u00e9couvrez les membres de Revigraph, qui assurent le recyclage des papiers graphiques issus de la collecte s\u00e9lective !","og_url":"https:\/\/www.revigraph.fr\/index.php\/nos-membres\/","og_site_name":"Revigraph","article_modified_time":"2025-04-25T14:15:20+00:00","twitter_card":"summary_large_image","twitter_site":"@revigraph","twitter_misc":{"Dur\u00e9e de lecture estim\u00e9e":"2 minutes"},"schema":{"@context":"https:\/\/schema.org","@graph":[{"@type":"WebPage","@id":"https:\/\/www.revigraph.fr\/index.php\/nos-membres\/","url":"https:\/\/www.revigraph.fr\/index.php\/nos-membres\/","name":"D\u00e9couvrez les membres de REVIGRAPH\u2026 - Revigraph","isPartOf":{"@id":"https:\/\/www.revigraph.fr\/#website"},"datePublished":"2017-06-02T15:33:33+00:00","dateModified":"2025-04-25T14:15:20+00:00","description":"D\u00e9couvrez les membres de Revigraph, qui assurent le recyclage des papiers graphiques issus de la collecte s\u00e9lective !","breadcrumb":{"@id":"https:\/\/www.revigraph.fr\/index.php\/nos-membres\/#breadcrumb"},"inLanguage":"fr-FR","potentialAction":[{"@type":"ReadAction","target":["https:\/\/www.revigraph.fr\/index.php\/nos-membres\/"]}]},{"@type":"BreadcrumbList","@id":"https:\/\/www.revigraph.fr\/index.php\/nos-membres\/#breadcrumb","itemListElement":[{"@type":"ListItem","position":1,"name":"Accueil","item":"https:\/\/www.revigraph.fr\/"},{"@type":"ListItem","position":2,"name":"D\u00e9couvrez les membres de REVIGRAPH\u2026"}]},{"@type":"WebSite","@id":"https:\/\/www.revigraph.fr\/#website","url":"https:\/\/www.revigraph.fr\/","name":"Revigraph","description":"Fini le gaspillage, c&#039;est l&#039;heure du recyclage !","publisher":{"@id":"https:\/\/www.revigraph.fr\/#organization"},"potentialAction":[{"@type":"SearchAction","target":{"@type":"EntryPoint","urlTemplate":"https:\/\/www.revigraph.fr\/?s={search_term_string}"},"query-input":{"@type":"PropertyValueSpecification","valueRequired":true,"valueName":"search_term_string"}}],"inLanguage":"fr-FR"},{"@type":"Organization","@id":"https:\/\/www.revigraph.fr\/#organization","name":"Revigraph","url":"https:\/\/www.revigraph.fr\/","logo":{"@type":"ImageObject","inLanguage":"fr-FR","@id":"https:\/\/www.revigraph.fr\/#\/schema\/logo\/image\/","url":"http:\/\/revigraph.fr\/wp-content\/uploads\/2017\/06\/cropped-Logo.png","contentUrl":"http:\/\/revigraph.fr\/wp-content\/uploads\/2017\/06\/cropped-Logo.png","width":982,"height":250,"caption":"Revigraph"},"image":{"@id":"https:\/\/www.revigraph.fr\/#\/schema\/logo\/image\/"},"sameAs":["https:\/\/x.com\/revigraph","https:\/\/www.linkedin.com\/company\/revigraph"]}]}},"_links":{"self":[{"href":"https:\/\/www.revigraph.fr\/index.php\/wp-json\/wp\/v2\/pages\/128","targetHints":{"allow":["GET"]}}],"collection":[{"href":"https:\/\/www.revigraph.fr\/index.php\/wp-json\/wp\/v2\/pages"}],"about":[{"href":"https:\/\/www.revigraph.fr\/index.php\/wp-json\/wp\/v2\/types\/page"}],"author":[{"embeddable":true,"href":"https:\/\/www.revigraph.fr\/index.php\/wp-json\/wp\/v2\/users\/1"}],"replies":[{"embeddable":true,"href":"https:\/\/www.revigraph.fr\/index.php\/wp-json\/wp\/v2\/comments?post=128"}],"version-history":[{"count":177,"href":"https:\/\/www.revigraph.fr\/index.php\/wp-json\/wp\/v2\/pages\/128\/revisions"}],"predecessor-version":[{"id":15946,"href":"https:\/\/www.revigraph.fr\/index.php\/wp-json\/wp\/v2\/pages\/128\/revisions\/15946"}],"wp:attachment":[{"href":"https:\/\/www.revigraph.fr\/index.php\/wp-json\/wp\/v2\/media?parent=128"}],"curies":[{"name":"wp","href":"https:\/\/api.w.org\/{rel}","templated":true}]}}