{"id":15250,"date":"2015-05-14T15:04:43","date_gmt":"2015-05-14T13:04:43","guid":{"rendered":"http:\/\/demo.qodeinteractive.com\/bridge115\/?page_id=15250"},"modified":"2025-06-04T11:18:26","modified_gmt":"2025-06-04T09:18:26","slug":"home","status":"publish","type":"page","link":"https:\/\/www.revigraph.fr\/","title":{"rendered":"Accueil"},"content":{"rendered":"<div class=\"wpb-content-wrapper\"><p>[vc_row css_animation=\u00a0\u00bb\u00a0\u00bb row_type=\u00a0\u00bbrow\u00a0\u00bb use_row_as_full_screen_section=\u00a0\u00bbno\u00a0\u00bb type=\u00a0\u00bbgrid\u00a0\u00bb angled_section=\u00a0\u00bbno\u00a0\u00bb text_align=\u00a0\u00bbleft\u00a0\u00bb background_image_as_pattern=\u00a0\u00bbwithout_pattern\u00a0\u00bb anchor=\u00a0\u00bbpresentation\u00a0\u00bb padding_top=\u00a0\u00bb40&Prime; padding_bottom=\u00a0\u00bb40&Prime; el_id=\u00a0\u00bbpresentation\u00a0\u00bb][vc_column width=\u00a0\u00bb1\/2&Prime;][vc_single_image image=\u00a0\u00bb15910&Prime; img_size=\u00a0\u00bb400&#215;400&Prime; alignment=\u00a0\u00bbcenter\u00a0\u00bb css=\u00a0\u00bb\u00a0\u00bb qode_css_animation=\u00a0\u00bb\u00a0\u00bb transition_delay=\u00a0\u00bb0.3&Prime;][\/vc_column][vc_column width=\u00a0\u00bb1\/2&Prime;][vc_column_text]<\/p>\n<h3 style=\"text-align: left;\">Revigraph est un groupement\u00a0d\u2019industriels<br \/>\nqui assurent\u00a0la reprise et\u00a0le recyclage final des papiers\u00a0graphiques\u00a0issus\u00a0de la collecte s\u00e9lective\u00a0municipale.<\/h3>\n<p>[\/vc_column_text][vc_separator type=\u00a0\u00bbtransparent\u00a0\u00bb up=\u00a0\u00bb15&Prime; down=\u00a0\u00bb0&Prime;][vc_column_text css=\u00a0\u00bb\u00a0\u00bb]<\/p>\n<p style=\"text-align: left;\">En rachetant aux collectivit\u00e9s les papiers issus de la collecte s\u00e9lective des m\u00e9nages, les papetiers fran\u00e7ais en assurent le recyclage pour produire de nouveaux papiers aux divers usages. Ce fonctionnement constitue un exemple d&rsquo;\u00e9conomie circulaire performante.<\/p>\n<p>&nbsp;<\/p>\n<p style=\"text-align: left;\">Les membres de Revigraph recyclent chaque ann\u00e9e plus d&rsquo;un million de tonnes de papiers graphiques sur le territoire fran\u00e7ais. Sur les 15 derni\u00e8res d&rsquo;ann\u00e9es, l&rsquo;industrie papeti\u00e8re a contribu\u00e9 pour plusieurs centaines de millions d&rsquo;euros \u00e0 l&rsquo;achat des papiers usag\u00e9s collect\u00e9s par les collectivit\u00e9s.<\/p>\n<p>&nbsp;<\/p>\n<p>D\u00e9couvrez les <a href=\"https:\/\/www.revigraph.fr\/index.php\/nos-membres\/#Membres\" target=\"_blank\" rel=\"noopener\"><strong>membres<\/strong><\/a> de Revigraph et le <strong><a href=\"https:\/\/www.revigraph.fr\/index.php\/nos-membres\/#Recyclage\" target=\"_blank\" rel=\"noopener\">recyclage du papier<\/a> <\/strong>![\/vc_column_text][vc_empty_space height=\u00a0\u00bb10px\u00a0\u00bb][\/vc_column][\/vc_row][vc_row css_animation=\u00a0\u00bb\u00a0\u00bb row_type=\u00a0\u00bbrow\u00a0\u00bb use_row_as_full_screen_section=\u00a0\u00bbno\u00a0\u00bb type=\u00a0\u00bbgrid\u00a0\u00bb angled_section=\u00a0\u00bbno\u00a0\u00bb text_align=\u00a0\u00bbleft\u00a0\u00bb background_image_as_pattern=\u00a0\u00bbwithout_pattern\u00a0\u00bb padding_top=\u00a0\u00bb20&Prime; padding_bottom=\u00a0\u00bb20&Prime;][vc_column width=\u00a0\u00bb1\/2&Prime;][vc_column_text]<\/p>\n<h3 style=\"text-align: right;\">D\u00e9velopper une \u00e9conomie circulaire de proximit\u00e9<\/h3>\n<p>[\/vc_column_text][vc_separator type=\u00a0\u00bbtransparent\u00a0\u00bb up=\u00a0\u00bb15&Prime; down=\u00a0\u00bb0&Prime;][vc_column_text css=\u00a0\u00bb\u00a0\u00bb]<\/p>\n<p style=\"text-align: right;\">Pour \u00eatre efficace, l\u2019\u00c9conomie circulaire doit assurer un recyclage au plus pr\u00e8s des territoires o\u00f9 les d\u00e9chets ont \u00e9t\u00e9 produits. Pour cela, les industriels papetiers de Revigraph sont pr\u00e9sents et r\u00e9partis sur le territoire fran\u00e7ais.<\/p>\n<p>&nbsp;<\/p>\n<p style=\"text-align: right;\">Le recyclage des papiers graphiques constitue un cas exemplaire d&rsquo;\u00e9conomie circulaire, dont les performances sont <strong><a href=\"https:\/\/www.citeo.com\/le-mag\/les-chiffres-du-recyclage-en-france\">bonnes<\/a><\/strong>, et peuvent <strong><a href=\"https:\/\/filieres-rep.ademe.fr\/filieres-REP\/filiere-PAP\/tableau-de-bord\">encore progresser<\/a> <\/strong>gr\u00e2ce \u00e0 la promotion du geste de tri du citoyen au quotidien.<\/p>\n<p>[\/vc_column_text][\/vc_column][vc_column width=\u00a0\u00bb1\/2&Prime;][vc_single_image image=\u00a0\u00bb15960&Prime; img_size=\u00a0\u00bb576&#215;274&Prime; alignment=\u00a0\u00bbcenter\u00a0\u00bb css=\u00a0\u00bb\u00a0\u00bb qode_css_animation=\u00a0\u00bb\u00a0\u00bb][\/vc_column][\/vc_row][vc_row css_animation=\u00a0\u00bb\u00a0\u00bb row_type=\u00a0\u00bbrow\u00a0\u00bb use_row_as_full_screen_section=\u00a0\u00bbno\u00a0\u00bb type=\u00a0\u00bbgrid\u00a0\u00bb angled_section=\u00a0\u00bbno\u00a0\u00bb text_align=\u00a0\u00bbleft\u00a0\u00bb background_image_as_pattern=\u00a0\u00bbwithout_pattern\u00a0\u00bb anchor=\u00a0\u00bbengagements\u00a0\u00bb background_color=\u00a0\u00bb#f9f9f9&Prime; padding_top=\u00a0\u00bb40&Prime; padding_bottom=\u00a0\u00bb20&Prime; el_id=\u00a0\u00bbengagements\u00a0\u00bb][vc_column][vc_single_image image=\u00a0\u00bb15510&Prime; img_size=\u00a0\u00bbfull\u00a0\u00bb alignment=\u00a0\u00bbcenter\u00a0\u00bb qode_css_animation=\u00a0\u00bbelement_from_fade\u00a0\u00bb transition_delay=\u00a0\u00bb0.3&Prime;][\/vc_column][\/vc_row][vc_row css_animation=\u00a0\u00bb\u00a0\u00bb row_type=\u00a0\u00bbrow\u00a0\u00bb use_row_as_full_screen_section=\u00a0\u00bbno\u00a0\u00bb type=\u00a0\u00bbgrid\u00a0\u00bb angled_section=\u00a0\u00bbno\u00a0\u00bb text_align=\u00a0\u00bbcenter\u00a0\u00bb background_image_as_pattern=\u00a0\u00bbwithout_pattern\u00a0\u00bb anchor=\u00a0\u00bbblog\u00a0\u00bb background_color=\u00a0\u00bb#f9f9f9&Prime; padding_top=\u00a0\u00bb20&Prime; padding_bottom=\u00a0\u00bb20&Prime;][vc_column][vc_column_text]<\/p>\n<h3 style=\"text-align: center;\">Les engagements des membres de REVIGRAPH<\/h3>\n<p>[\/vc_column_text][vc_column_text css=\u00a0\u00bb\u00a0\u00bb]<\/p>\n<h3 style=\"text-align: center;\">pour un recyclage effectif et une totale tra\u00e7abilit\u00e9<\/h3>\n<p>[\/vc_column_text][\/vc_column][\/vc_row][vc_row css_animation=\u00a0\u00bb\u00a0\u00bb row_type=\u00a0\u00bbrow\u00a0\u00bb use_row_as_full_screen_section=\u00a0\u00bbno\u00a0\u00bb type=\u00a0\u00bbgrid\u00a0\u00bb angled_section=\u00a0\u00bbno\u00a0\u00bb text_align=\u00a0\u00bbcenter\u00a0\u00bb background_image_as_pattern=\u00a0\u00bbwithout_pattern\u00a0\u00bb anchor=\u00a0\u00bbprojects\u00a0\u00bb background_color=\u00a0\u00bb#f9f9f9&Prime; padding_top=\u00a0\u00bb20&Prime; padding_bottom=\u00a0\u00bb30&Prime;][vc_column width=\u00a0\u00bb1\/3&Prime;][vc_column_text]<div class='q_icon_with_title large normal_icon center '><div class=\"icon_holder q_icon_animation\" style=\" transition-delay: 0.3ms; -webkit-transition-delay: 0.3ms; -moz-transition-delay: 0.3ms; -o-transition-delay: 0.3ms;\"><span data-icon-type=\"normal\" data-icon-hover-color=\"#222222\" class=\"qode_iwt_icon_holder q_font_awsome_icon fa-4x  \"><i class=\"qode_icon_font_awesome fa fa-truck qode_iwt_icon_element\" style=\"color: #cecece\"><\/i><\/span><\/div><div class=\"icon_text_holder\" style=\"\"><div class=\"icon_text_inner\" style=\"\"><h5 class=\"icon_title\" style=\"\"><\/h5><p style='color: #8d8d8d'>Garantir l\u2019enl\u00e8vement continu des tonnages de papiers graphiques issus du circuit municipal.<\/p><\/div><\/div><\/div>[vc_separator type=\u00a0\u00bbnormal\u00a0\u00bb]<div class='q_icon_with_title large normal_icon center '><div class=\"icon_holder q_icon_animation\" style=\" transition-delay: 0.6ms; -webkit-transition-delay: 0.6ms; -moz-transition-delay: 0.6ms; -o-transition-delay: 0.6ms;\"><span data-icon-type=\"normal\" data-icon-hover-color=\"#222222\" class=\"qode_iwt_icon_holder q_font_awsome_icon fa-4x  \"><i class=\"qode_icon_font_awesome fa fa-handshake-o qode_iwt_icon_element\" style=\"color: #cecece\"><\/i><\/span><\/div><div class=\"icon_text_holder\" style=\"\"><div class=\"icon_text_inner\" style=\"\"><h5 class=\"icon_title\" style=\"\"><\/h5><p style='color: #8d8d8d'>Assurer une reprise solidaire entre les membres pour ne laisser aucune tonne d'une collectivit\u00e9 sous contrat \u00ab orpheline \u00bb sur le territoire.<\/p><\/div><\/div><\/div>[vc_separator type=\u00a0\u00bbnormal\u00a0\u00bb]<div class='q_icon_with_title large normal_icon center '><div class=\"icon_holder q_icon_animation\" style=\" transition-delay: 0.9ms; -webkit-transition-delay: 0.9ms; -moz-transition-delay: 0.9ms; -o-transition-delay: 0.9ms;\"><span data-icon-type=\"normal\" data-icon-hover-color=\"#222222\" class=\"qode_iwt_icon_holder q_font_awsome_icon fa-4x  \"><i class=\"qode_icon_font_awesome fa fa-eur qode_iwt_icon_element\" style=\"color: #cecece\"><\/i><\/span><\/div><div class=\"icon_text_holder\" style=\"\"><div class=\"icon_text_inner\" style=\"\"><h5 class=\"icon_title\" style=\"\"><\/h5><p style='color: #8d8d8d'>Proposer un prix minimum de reprise, d\u00e9fini individuellement par chaque membre.<\/p><\/div><\/div><\/div>[\/vc_column_text][\/vc_column][vc_column width=\u00a0\u00bb1\/3&Prime;]<div class=\"image_with_text\"><img decoding=\"async\" itemprop=\"image\" src=\"https:\/\/www.revigraph.fr\/wp-content\/uploads\/2025\/05\/Contrat-type.jpg\" alt=\"\" \/><h3  class=\"image_with_text_title\"><\/h3><span style=\"margin: 6px 0px;\" class=\"separator transparent\"><\/span>T\u00e9l\u00e9chargez le contrat type REVIGRAPH<a itemprop=\"url\" class=\"image-with-text-link-overlay\" href=\"https:\/\/www.revigraph.fr\/wp-content\/uploads\/2025\/06\/20250519-Contrat-type-de-reprise-site-web.pdf\" target=\"_self\"><\/a><\/div>[\/vc_column][vc_column width=\u00a0\u00bb1\/3&Prime;][vc_column_text css=\u00a0\u00bb\u00a0\u00bb]<div class='q_icon_with_title large normal_icon center '><div class=\"icon_holder q_icon_animation\" style=\" transition-delay: 0.3ms; -webkit-transition-delay: 0.3ms; -moz-transition-delay: 0.3ms; -o-transition-delay: 0.3ms;\"><span data-icon-type=\"normal\" data-icon-hover-color=\"#222222\" class=\"qode_iwt_icon_holder q_font_awsome_icon fa-4x  \"><i class=\"qode_icon_font_awesome fa fa-map-marker qode_iwt_icon_element\" style=\"color: #cecece\"><\/i><\/span><\/div><div class=\"icon_text_holder\" style=\"\"><div class=\"icon_text_inner\" style=\"\"><h5 class=\"icon_title\" style=\"\"><\/h5><p style='color: #8d8d8d'>Garantir le recyclage des papiers avec tra\u00e7abilit\u00e9 totale et produire un certificat de recyclage final.<\/p><\/div><\/div><\/div>[vc_separator type=\u00a0\u00bbnormal\u00a0\u00bb]<div class='q_icon_with_title large normal_icon center '><div class=\"icon_holder q_icon_animation\" style=\" transition-delay: 0.6ms; -webkit-transition-delay: 0.6ms; -moz-transition-delay: 0.6ms; -o-transition-delay: 0.6ms;\"><span data-icon-type=\"normal\" data-icon-hover-color=\"#222222\" class=\"qode_iwt_icon_holder q_font_awsome_icon fa-4x  \"><i class=\"qode_icon_font_awesome fa fa-check-square-o qode_iwt_icon_element\" style=\"color: #cecece\"><\/i><\/span><\/div><div class=\"icon_text_holder\" style=\"\"><div class=\"icon_text_inner\" style=\"\"><h5 class=\"icon_title\" style=\"\"><\/h5><p style='color: #8d8d8d'>Respecter les meilleures pratiques professionnelles selon un contrat type.<\/p><\/div><\/div><\/div>[vc_empty_space][vc_separator type=\u00a0\u00bbnormal\u00a0\u00bb]<div class='q_icon_with_title large normal_icon center '><div class=\"icon_holder q_icon_animation\" style=\" transition-delay: 0.9ms; -webkit-transition-delay: 0.9ms; -moz-transition-delay: 0.9ms; -o-transition-delay: 0.9ms;\"><span data-icon-type=\"normal\" data-icon-hover-color=\"#222222\" class=\"qode_iwt_icon_holder q_font_awsome_icon fa-4x  \"><i class=\"qode_icon_font_awesome fa fa-recycle qode_iwt_icon_element\" style=\"color: #cecece\"><\/i><\/span><\/div><div class=\"icon_text_holder\" style=\"\"><div class=\"icon_text_inner\" style=\"\"><h5 class=\"icon_title\" style=\"\"><\/h5><p style='color: #8d8d8d'>Respecter la hi\u00e9rarchie d\u2019usage pour recycler la fibre en maximisant sa valeur ajout\u00e9e.<\/p><\/div><\/div><\/div>[\/vc_column_text][\/vc_column][\/vc_row][vc_row css_animation=\u00a0\u00bb\u00a0\u00bb row_type=\u00a0\u00bbrow\u00a0\u00bb use_row_as_full_screen_section=\u00a0\u00bbno\u00a0\u00bb type=\u00a0\u00bbgrid\u00a0\u00bb angled_section=\u00a0\u00bbno\u00a0\u00bb text_align=\u00a0\u00bbleft\u00a0\u00bb background_image_as_pattern=\u00a0\u00bbwithout_pattern\u00a0\u00bb anchor=\u00a0\u00bbprojects\u00a0\u00bb background_color=\u00a0\u00bb#f9f9f9&Prime; padding_top=\u00a0\u00bb30&Prime; padding_bottom=\u00a0\u00bb20&Prime;][vc_column][vc_empty_space height=\u00a0\u00bb15px\u00a0\u00bb][\/vc_column][\/vc_row][vc_row css_animation=\u00a0\u00bb\u00a0\u00bb row_type=\u00a0\u00bbrow\u00a0\u00bb use_row_as_full_screen_section=\u00a0\u00bbno\u00a0\u00bb type=\u00a0\u00bbgrid\u00a0\u00bb angled_section=\u00a0\u00bbno\u00a0\u00bb text_align=\u00a0\u00bbcenter\u00a0\u00bb background_image_as_pattern=\u00a0\u00bbwithout_pattern\u00a0\u00bb anchor=\u00a0\u00bbcontact\u00a0\u00bb background_color=\u00a0\u00bb#ffffff\u00a0\u00bb padding_top=\u00a0\u00bb40&Prime; padding_bottom=\u00a0\u00bb20&Prime; el_id=\u00a0\u00bbcontact\u00a0\u00bb][vc_column][\/vc_column][\/vc_row][vc_row css_animation=\u00a0\u00bb\u00a0\u00bb row_type=\u00a0\u00bbrow\u00a0\u00bb use_row_as_full_screen_section=\u00a0\u00bbno\u00a0\u00bb type=\u00a0\u00bbgrid\u00a0\u00bb angled_section=\u00a0\u00bbno\u00a0\u00bb text_align=\u00a0\u00bbleft\u00a0\u00bb background_image_as_pattern=\u00a0\u00bbwithout_pattern\u00a0\u00bb background_color=\u00a0\u00bb#ffffff\u00a0\u00bb padding_top=\u00a0\u00bb20&Prime; padding_bottom=\u00a0\u00bb40&Prime;][vc_column width=\u00a0\u00bb1\/2&Prime;][vc_column_text css=\u00a0\u00bb\u00a0\u00bb]<\/p>\n<h3 style=\"text-align: right;\">Vous souhaitez un renseignement ?<\/h3>\n<p>[\/vc_column_text][vc_column_text css=\u00a0\u00bb\u00a0\u00bb]<\/p>\n<p style=\"text-align: right;\">Contactez-nous !<\/p>\n<p>[\/vc_column_text][\/vc_column][vc_column width=\u00a0\u00bb1\/2&Prime;]\n<div class=\"wpcf7 no-js\" id=\"wpcf7-f15472-o1\" lang=\"fr-FR\" dir=\"ltr\" data-wpcf7-id=\"15472\">\n<div class=\"screen-reader-response\"><p role=\"status\" aria-live=\"polite\" aria-atomic=\"true\"><\/p> <ul><\/ul><\/div>\n<form action=\"\/index.php\/wp-json\/wp\/v2\/pages\/15250#wpcf7-f15472-o1\" method=\"post\" class=\"wpcf7-form init default\" aria-label=\"Formulaire de contact\" novalidate=\"novalidate\" data-status=\"init\">\n<fieldset class=\"hidden-fields-container\"><input type=\"hidden\" name=\"_wpcf7\" value=\"15472\" \/><input type=\"hidden\" name=\"_wpcf7_version\" value=\"6.1.5\" \/><input type=\"hidden\" name=\"_wpcf7_locale\" value=\"fr_FR\" \/><input type=\"hidden\" name=\"_wpcf7_unit_tag\" value=\"wpcf7-f15472-o1\" \/><input type=\"hidden\" name=\"_wpcf7_container_post\" value=\"0\" \/><input type=\"hidden\" name=\"_wpcf7_posted_data_hash\" value=\"\" \/>\n<\/fieldset>\n<label> Votre nom (obligatoire)\n    <span class=\"wpcf7-form-control-wrap\" data-name=\"your-name\"><input size=\"40\" maxlength=\"400\" class=\"wpcf7-form-control wpcf7-text wpcf7-validates-as-required\" aria-required=\"true\" aria-invalid=\"false\" value=\"\" type=\"text\" name=\"your-name\" \/><\/span> <\/label>\n\n<label> Votre e-mail (obligatoire)\n    <span class=\"wpcf7-form-control-wrap\" data-name=\"your-email\"><input size=\"40\" maxlength=\"400\" class=\"wpcf7-form-control wpcf7-email wpcf7-validates-as-required wpcf7-text wpcf7-validates-as-email\" aria-required=\"true\" aria-invalid=\"false\" value=\"\" type=\"email\" name=\"your-email\" \/><\/span> <\/label>\n\n<label> Sujet\n    <span class=\"wpcf7-form-control-wrap\" data-name=\"your-subject\"><input size=\"40\" maxlength=\"400\" class=\"wpcf7-form-control wpcf7-text\" aria-invalid=\"false\" value=\"\" type=\"text\" name=\"your-subject\" \/><\/span> <\/label>\n\n<label> Votre message\n    <span class=\"wpcf7-form-control-wrap\" data-name=\"your-message\"><textarea cols=\"40\" rows=\"10\" maxlength=\"2000\" class=\"wpcf7-form-control wpcf7-textarea\" aria-invalid=\"false\" name=\"your-message\"><\/textarea><\/span> <\/label>\n\n<span class=\"wpcf7-form-control-wrap\" data-name=\"hcap-cf7\">\t\t<input\n\t\t\t\ttype=\"hidden\"\n\t\t\t\tclass=\"hcaptcha-widget-id\"\n\t\t\t\tname=\"hcaptcha-widget-id\"\n\t\t\t\tvalue=\"eyJzb3VyY2UiOlsiY29udGFjdC1mb3JtLTdcL3dwLWNvbnRhY3QtZm9ybS03LnBocCJdLCJmb3JtX2lkIjoxNTQ3Mn0=-0fa4d522d7259953e02609b334cc4b9e\">\n\t\t\t\t<span id=\"hcap_cf7-69ea0bd2c997f6.60014000\" class=\"wpcf7-form-control h-captcha \"\n\t\t\tdata-sitekey=\"72fcb70c-f2e8-4856-ba5e-4b4cfc30b5ea\"\n\t\t\tdata-theme=\"light\"\n\t\t\tdata-size=\"normal\"\n\t\t\tdata-auto=\"false\"\n\t\t\tdata-ajax=\"false\"\n\t\t\tdata-force=\"false\">\n\t\t<\/span>\n\t\t<input type=\"hidden\" id=\"_wpnonce\" name=\"_wpnonce\" value=\"0f03bfe894\" \/><input type=\"hidden\" name=\"_wp_http_referer\" value=\"\/index.php\/wp-json\/wp\/v2\/pages\/15250\" \/><\/span><input class=\"wpcf7-form-control wpcf7-submit has-spinner\" type=\"submit\" value=\"Envoyer\" \/><p style=\"display: none !important;\" class=\"akismet-fields-container\" data-prefix=\"_wpcf7_ak_\"><label>&#916;<textarea name=\"_wpcf7_ak_hp_textarea\" cols=\"45\" rows=\"8\" maxlength=\"100\"><\/textarea><\/label><input type=\"hidden\" id=\"ak_js_1\" name=\"_wpcf7_ak_js\" value=\"120\"\/><script>document.getElementById( \"ak_js_1\" ).setAttribute( \"value\", ( new Date() ).getTime() );<\/script><\/p><div class=\"wpcf7-response-output\" aria-hidden=\"true\"><\/div>\n<\/form>\n<\/div>\n[vc_empty_space height=\u00a0\u00bb15px\u00a0\u00bb][\/vc_column][\/vc_row]<\/p>\n<\/div>","protected":false},"excerpt":{"rendered":"<p>[vc_row css_animation=\u00a0\u00bb\u00a0\u00bb row_type=\u00a0\u00bbrow\u00a0\u00bb use_row_as_full_screen_section=\u00a0\u00bbno\u00a0\u00bb type=\u00a0\u00bbgrid\u00a0\u00bb angled_section=\u00a0\u00bbno\u00a0\u00bb text_align=\u00a0\u00bbleft\u00a0\u00bb background_image_as_pattern=\u00a0\u00bbwithout_pattern\u00a0\u00bb anchor=\u00a0\u00bbpresentation\u00a0\u00bb padding_top=\u00a0\u00bb40&Prime; padding_bottom=\u00a0\u00bb40&Prime; el_id=\u00a0\u00bbpresentation\u00a0\u00bb][vc_column width=\u00a0\u00bb1\/2&Prime;][vc_single_image image=\u00a0\u00bb15910&Prime; img_size=\u00a0\u00bb400&#215;400&Prime; alignment=\u00a0\u00bbcenter\u00a0\u00bb css=\u00a0\u00bb\u00a0\u00bb qode_css_animation=\u00a0\u00bb\u00a0\u00bb transition_delay=\u00a0\u00bb0.3&Prime;][\/vc_column][vc_column width=\u00a0\u00bb1\/2&Prime;][vc_column_text] Revigraph est un groupement\u00a0d\u2019industriels qui assurent\u00a0la reprise et\u00a0le recyclage final des papiers\u00a0graphiques\u00a0issus\u00a0de la collecte s\u00e9lective\u00a0municipale. [\/vc_column_text][vc_separator type=\u00a0\u00bbtransparent\u00a0\u00bb up=\u00a0\u00bb15&Prime; down=\u00a0\u00bb0&Prime;][vc_column_text css=\u00a0\u00bb\u00a0\u00bb] En rachetant aux collectivit\u00e9s les&#8230;<\/p>\n","protected":false},"author":1,"featured_media":0,"parent":0,"menu_order":0,"comment_status":"open","ping_status":"closed","template":"","meta":{"content-type":"","footnotes":""},"class_list":["post-15250","page","type-page","status-publish","hentry"],"yoast_head":"<!-- This site is optimized with the Yoast SEO plugin v26.2 - https:\/\/yoast.com\/wordpress\/plugins\/seo\/ -->\n<title>Accueil - Revigraph<\/title>\n<meta name=\"description\" content=\"Le recyclage des papiers est un cas exemplaire d&#039;\u00e9conomie circulaire. D\u00e9couvrez l&#039;engagement des papetiers membres de Revigraph.\" \/>\n<meta name=\"robots\" content=\"index, follow, max-snippet:-1, max-image-preview:large, max-video-preview:-1\" \/>\n<link rel=\"canonical\" href=\"https:\/\/www.revigraph.fr\/\" \/>\n<meta property=\"og:locale\" content=\"fr_FR\" \/>\n<meta property=\"og:type\" content=\"article\" \/>\n<meta property=\"og:title\" content=\"Accueil - Revigraph\" \/>\n<meta property=\"og:description\" content=\"Le recyclage des papiers est un cas exemplaire d&#039;\u00e9conomie circulaire. D\u00e9couvrez l&#039;engagement des papetiers membres de Revigraph.\" \/>\n<meta property=\"og:url\" content=\"https:\/\/www.revigraph.fr\/\" \/>\n<meta property=\"og:site_name\" content=\"Revigraph\" \/>\n<meta property=\"article:modified_time\" content=\"2025-06-04T09:18:26+00:00\" \/>\n<meta name=\"twitter:card\" content=\"summary_large_image\" \/>\n<meta name=\"twitter:site\" content=\"@revigraph\" \/>\n<meta name=\"twitter:label1\" content=\"Dur\u00e9e de lecture estim\u00e9e\" \/>\n\t<meta name=\"twitter:data1\" content=\"3 minutes\" \/>\n<script type=\"application\/ld+json\" class=\"yoast-schema-graph\">{\"@context\":\"https:\/\/schema.org\",\"@graph\":[{\"@type\":\"WebPage\",\"@id\":\"https:\/\/www.revigraph.fr\/\",\"url\":\"https:\/\/www.revigraph.fr\/\",\"name\":\"Accueil - Revigraph\",\"isPartOf\":{\"@id\":\"https:\/\/www.revigraph.fr\/#website\"},\"datePublished\":\"2015-05-14T13:04:43+00:00\",\"dateModified\":\"2025-06-04T09:18:26+00:00\",\"description\":\"Le recyclage des papiers est un cas exemplaire d'\u00e9conomie circulaire. D\u00e9couvrez l'engagement des papetiers membres de Revigraph.\",\"breadcrumb\":{\"@id\":\"https:\/\/www.revigraph.fr\/#breadcrumb\"},\"inLanguage\":\"fr-FR\",\"potentialAction\":[{\"@type\":\"ReadAction\",\"target\":[\"https:\/\/www.revigraph.fr\/\"]}]},{\"@type\":\"BreadcrumbList\",\"@id\":\"https:\/\/www.revigraph.fr\/#breadcrumb\",\"itemListElement\":[{\"@type\":\"ListItem\",\"position\":1,\"name\":\"Accueil\",\"item\":\"https:\/\/www.revigraph.fr\/\"},{\"@type\":\"ListItem\",\"position\":2,\"name\":\"Accueil\"}]},{\"@type\":\"WebSite\",\"@id\":\"https:\/\/www.revigraph.fr\/#website\",\"url\":\"https:\/\/www.revigraph.fr\/\",\"name\":\"Revigraph\",\"description\":\"Fini le gaspillage, c&#039;est l&#039;heure du recyclage !\",\"publisher\":{\"@id\":\"https:\/\/www.revigraph.fr\/#organization\"},\"potentialAction\":[{\"@type\":\"SearchAction\",\"target\":{\"@type\":\"EntryPoint\",\"urlTemplate\":\"https:\/\/www.revigraph.fr\/?s={search_term_string}\"},\"query-input\":{\"@type\":\"PropertyValueSpecification\",\"valueRequired\":true,\"valueName\":\"search_term_string\"}}],\"inLanguage\":\"fr-FR\"},{\"@type\":\"Organization\",\"@id\":\"https:\/\/www.revigraph.fr\/#organization\",\"name\":\"Revigraph\",\"url\":\"https:\/\/www.revigraph.fr\/\",\"logo\":{\"@type\":\"ImageObject\",\"inLanguage\":\"fr-FR\",\"@id\":\"https:\/\/www.revigraph.fr\/#\/schema\/logo\/image\/\",\"url\":\"http:\/\/revigraph.fr\/wp-content\/uploads\/2017\/06\/cropped-Logo.png\",\"contentUrl\":\"http:\/\/revigraph.fr\/wp-content\/uploads\/2017\/06\/cropped-Logo.png\",\"width\":982,\"height\":250,\"caption\":\"Revigraph\"},\"image\":{\"@id\":\"https:\/\/www.revigraph.fr\/#\/schema\/logo\/image\/\"},\"sameAs\":[\"https:\/\/x.com\/revigraph\",\"https:\/\/www.linkedin.com\/company\/revigraph\"]}]}<\/script>\n<!-- \/ Yoast SEO plugin. -->","yoast_head_json":{"title":"Accueil - Revigraph","description":"Le recyclage des papiers est un cas exemplaire d'\u00e9conomie circulaire. D\u00e9couvrez l'engagement des papetiers membres de Revigraph.","robots":{"index":"index","follow":"follow","max-snippet":"max-snippet:-1","max-image-preview":"max-image-preview:large","max-video-preview":"max-video-preview:-1"},"canonical":"https:\/\/www.revigraph.fr\/","og_locale":"fr_FR","og_type":"article","og_title":"Accueil - Revigraph","og_description":"Le recyclage des papiers est un cas exemplaire d'\u00e9conomie circulaire. D\u00e9couvrez l'engagement des papetiers membres de Revigraph.","og_url":"https:\/\/www.revigraph.fr\/","og_site_name":"Revigraph","article_modified_time":"2025-06-04T09:18:26+00:00","twitter_card":"summary_large_image","twitter_site":"@revigraph","twitter_misc":{"Dur\u00e9e de lecture estim\u00e9e":"3 minutes"},"schema":{"@context":"https:\/\/schema.org","@graph":[{"@type":"WebPage","@id":"https:\/\/www.revigraph.fr\/","url":"https:\/\/www.revigraph.fr\/","name":"Accueil - Revigraph","isPartOf":{"@id":"https:\/\/www.revigraph.fr\/#website"},"datePublished":"2015-05-14T13:04:43+00:00","dateModified":"2025-06-04T09:18:26+00:00","description":"Le recyclage des papiers est un cas exemplaire d'\u00e9conomie circulaire. D\u00e9couvrez l'engagement des papetiers membres de Revigraph.","breadcrumb":{"@id":"https:\/\/www.revigraph.fr\/#breadcrumb"},"inLanguage":"fr-FR","potentialAction":[{"@type":"ReadAction","target":["https:\/\/www.revigraph.fr\/"]}]},{"@type":"BreadcrumbList","@id":"https:\/\/www.revigraph.fr\/#breadcrumb","itemListElement":[{"@type":"ListItem","position":1,"name":"Accueil","item":"https:\/\/www.revigraph.fr\/"},{"@type":"ListItem","position":2,"name":"Accueil"}]},{"@type":"WebSite","@id":"https:\/\/www.revigraph.fr\/#website","url":"https:\/\/www.revigraph.fr\/","name":"Revigraph","description":"Fini le gaspillage, c&#039;est l&#039;heure du recyclage !","publisher":{"@id":"https:\/\/www.revigraph.fr\/#organization"},"potentialAction":[{"@type":"SearchAction","target":{"@type":"EntryPoint","urlTemplate":"https:\/\/www.revigraph.fr\/?s={search_term_string}"},"query-input":{"@type":"PropertyValueSpecification","valueRequired":true,"valueName":"search_term_string"}}],"inLanguage":"fr-FR"},{"@type":"Organization","@id":"https:\/\/www.revigraph.fr\/#organization","name":"Revigraph","url":"https:\/\/www.revigraph.fr\/","logo":{"@type":"ImageObject","inLanguage":"fr-FR","@id":"https:\/\/www.revigraph.fr\/#\/schema\/logo\/image\/","url":"http:\/\/revigraph.fr\/wp-content\/uploads\/2017\/06\/cropped-Logo.png","contentUrl":"http:\/\/revigraph.fr\/wp-content\/uploads\/2017\/06\/cropped-Logo.png","width":982,"height":250,"caption":"Revigraph"},"image":{"@id":"https:\/\/www.revigraph.fr\/#\/schema\/logo\/image\/"},"sameAs":["https:\/\/x.com\/revigraph","https:\/\/www.linkedin.com\/company\/revigraph"]}]}},"_links":{"self":[{"href":"https:\/\/www.revigraph.fr\/index.php\/wp-json\/wp\/v2\/pages\/15250","targetHints":{"allow":["GET"]}}],"collection":[{"href":"https:\/\/www.revigraph.fr\/index.php\/wp-json\/wp\/v2\/pages"}],"about":[{"href":"https:\/\/www.revigraph.fr\/index.php\/wp-json\/wp\/v2\/types\/page"}],"author":[{"embeddable":true,"href":"https:\/\/www.revigraph.fr\/index.php\/wp-json\/wp\/v2\/users\/1"}],"replies":[{"embeddable":true,"href":"https:\/\/www.revigraph.fr\/index.php\/wp-json\/wp\/v2\/comments?post=15250"}],"version-history":[{"count":239,"href":"https:\/\/www.revigraph.fr\/index.php\/wp-json\/wp\/v2\/pages\/15250\/revisions"}],"predecessor-version":[{"id":15970,"href":"https:\/\/www.revigraph.fr\/index.php\/wp-json\/wp\/v2\/pages\/15250\/revisions\/15970"}],"wp:attachment":[{"href":"https:\/\/www.revigraph.fr\/index.php\/wp-json\/wp\/v2\/media?parent=15250"}],"curies":[{"name":"wp","href":"https:\/\/api.w.org\/{rel}","templated":true}]}}